{"id":48106,"date":"2012-10-26T15:19:59","date_gmt":"2012-10-26T15:19:59","guid":{"rendered":"https:\/\/andalucia-berlin.de\/speisekarte\/"},"modified":"2024-02-15T13:55:05","modified_gmt":"2024-02-15T13:55:05","slug":"menu","status":"publish","type":"page","link":"https:\/\/andalucia-berlin.de\/en\/menu\/","title":{"rendered":"Our Menu"},"content":{"rendered":"<p>[et_pb_section fb_built=&#8221;1&#8243; fullwidth=&#8221;on&#8221; _builder_version=&#8221;4.16&#8243; custom_margin=&#8221;40px|40px|0px|40px&#8221; custom_margin_tablet=&#8221;&#8221; custom_margin_phone=&#8221;10px|10px||10px&#8221; custom_margin_last_edited=&#8221;on|phone&#8221; box_shadow_style=&#8221;preset3&#8243; collapsed=&#8221;off&#8221; global_colors_info=&#8221;{}&#8221;][et_pb_fullwidth_menu menu_id=&#8221;84&#8243; submenu_direction=&#8221;downwards&#8221; fullwidth_menu=&#8221;off&#8221; _builder_version=&#8221;4.16&#8243; menu_font=&#8221;|||on|||||&#8221; menu_text_color=&#8221;#ffffff&#8221; menu_font_size=&#8221;20px&#8221; menu_letter_spacing=&#8221;2px&#8221; background_color=&#8221;#632e0a&#8221; background_image=&#8221;https:\/\/andalucia-berlin.de\/wp-content\/uploads\/2019\/01\/headerA.png&#8221; background_layout=&#8221;dark&#8221; custom_padding=&#8221;|6px||6px&#8221; global_colors_info=&#8221;{}&#8221;][\/et_pb_fullwidth_menu][\/et_pb_section][et_pb_section fb_built=&#8221;1&#8243; admin_label=&#8221;section&#8221; _builder_version=&#8221;4.16&#8243; custom_padding=&#8221;54px|0px|0|0px|false|false&#8221; global_colors_info=&#8221;{}&#8221;][et_pb_row column_structure=&#8221;1_2,1_2&#8243; _builder_version=&#8221;4.16&#8243; background_size=&#8221;initial&#8221; background_position=&#8221;top_left&#8221; background_repeat=&#8221;repeat&#8221; global_colors_info=&#8221;{}&#8221;][et_pb_column type=&#8221;1_2&#8243; _builder_version=&#8221;4.16&#8243; custom_padding=&#8221;|||&#8221; global_colors_info=&#8221;{}&#8221; custom_padding__hover=&#8221;|||&#8221;][et_pb_divider show_divider=&#8221;off&#8221; _builder_version=&#8221;4.16&#8243; height=&#8221;8px&#8221; custom_margin=&#8221;0px|||&#8221; custom_padding=&#8221;0px|||&#8221; global_colors_info=&#8221;{}&#8221;][\/et_pb_divider][et_pb_text admin_label=&#8221;ENSALADAS&#8221; _builder_version=&#8221;4.23&#8243; background_size=&#8221;initial&#8221; background_position=&#8221;top_left&#8221; background_repeat=&#8221;repeat&#8221; z_index_tablet=&#8221;500&#8243; text_text_shadow_horizontal_length_tablet=&#8221;0px&#8221; text_text_shadow_vertical_length_tablet=&#8221;0px&#8221; text_text_shadow_blur_strength_tablet=&#8221;1px&#8221; link_text_shadow_horizontal_length_tablet=&#8221;0px&#8221; link_text_shadow_vertical_length_tablet=&#8221;0px&#8221; link_text_shadow_blur_strength_tablet=&#8221;1px&#8221; ul_text_shadow_horizontal_length_tablet=&#8221;0px&#8221; ul_text_shadow_vertical_length_tablet=&#8221;0px&#8221; ul_text_shadow_blur_strength_tablet=&#8221;1px&#8221; ol_text_shadow_horizontal_length_tablet=&#8221;0px&#8221; ol_text_shadow_vertical_length_tablet=&#8221;0px&#8221; ol_text_shadow_blur_strength_tablet=&#8221;1px&#8221; quote_text_shadow_horizontal_length_tablet=&#8221;0px&#8221; quote_text_shadow_vertical_length_tablet=&#8221;0px&#8221; quote_text_shadow_blur_strength_tablet=&#8221;1px&#8221; header_text_shadow_horizontal_length_tablet=&#8221;0px&#8221; header_text_shadow_vertical_length_tablet=&#8221;0px&#8221; header_text_shadow_blur_strength_tablet=&#8221;1px&#8221; header_2_text_shadow_horizontal_length_tablet=&#8221;0px&#8221; header_2_text_shadow_vertical_length_tablet=&#8221;0px&#8221; header_2_text_shadow_blur_strength_tablet=&#8221;1px&#8221; header_3_text_shadow_horizontal_length_tablet=&#8221;0px&#8221; header_3_text_shadow_vertical_length_tablet=&#8221;0px&#8221; header_3_text_shadow_blur_strength_tablet=&#8221;1px&#8221; header_4_text_shadow_horizontal_length_tablet=&#8221;0px&#8221; header_4_text_shadow_vertical_length_tablet=&#8221;0px&#8221; header_4_text_shadow_blur_strength_tablet=&#8221;1px&#8221; header_5_text_shadow_horizontal_length_tablet=&#8221;0px&#8221; header_5_text_shadow_vertical_length_tablet=&#8221;0px&#8221; header_5_text_shadow_blur_strength_tablet=&#8221;1px&#8221; header_6_text_shadow_horizontal_length_tablet=&#8221;0px&#8221; header_6_text_shadow_vertical_length_tablet=&#8221;0px&#8221; header_6_text_shadow_blur_strength_tablet=&#8221;1px&#8221; box_shadow_horizontal_tablet=&#8221;0px&#8221; box_shadow_vertical_tablet=&#8221;0px&#8221; box_shadow_blur_tablet=&#8221;40px&#8221; box_shadow_spread_tablet=&#8221;0px&#8221; use_border_color=&#8221;off&#8221; global_colors_info=&#8221;{}&#8221;]<\/p>\n<h2>ENSALADAS \u2013 SALADS<\/h2>\n<p>ENSALADA CON GAMBAS \u00a0 <strong>15,90<\/strong><br \/>Mixed salad with grilled prawns, lemon, garlic<\/p>\n<p>ENSALADA CON POLLO \u00a0 <strong>15,50<\/strong><br \/>Mixed salad with grilled chicken breast<\/p>\n<p>ENSALADA ANDALUCIA \u00a0 <strong>15,50<\/strong><br \/>Mixed salad with caramelized goat cheese, walnuts, honey, apple<\/p>\n<p>ENSALADA CON SALMON\u00a0 \u00a0<strong>15,50<\/strong><br \/>Mixed salad with grilled salmon filet<\/p>\n<p>[\/et_pb_text][et_pb_divider show_divider=&#8221;off&#8221; _builder_version=&#8221;4.16&#8243; height=&#8221;8px&#8221; custom_margin=&#8221;||0px|&#8221; custom_padding=&#8221;||0px|&#8221; global_colors_info=&#8221;{}&#8221;][\/et_pb_divider][et_pb_divider show_divider=&#8221;off&#8221; _builder_version=&#8221;4.16&#8243; height=&#8221;8px&#8221; custom_margin=&#8221;0px|||&#8221; custom_padding=&#8221;0px|||&#8221; global_colors_info=&#8221;{}&#8221;][\/et_pb_divider][et_pb_text admin_label=&#8221;CARNES&#8221; _builder_version=&#8221;4.23&#8243; background_size=&#8221;initial&#8221; background_position=&#8221;top_left&#8221; background_repeat=&#8221;repeat&#8221; width=&#8221;100%&#8221; z_index_tablet=&#8221;500&#8243; text_text_shadow_horizontal_length_tablet=&#8221;0px&#8221; text_text_shadow_vertical_length_tablet=&#8221;0px&#8221; text_text_shadow_blur_strength_tablet=&#8221;1px&#8221; link_text_shadow_horizontal_length_tablet=&#8221;0px&#8221; link_text_shadow_vertical_length_tablet=&#8221;0px&#8221; link_text_shadow_blur_strength_tablet=&#8221;1px&#8221; ul_text_shadow_horizontal_length_tablet=&#8221;0px&#8221; ul_text_shadow_vertical_length_tablet=&#8221;0px&#8221; ul_text_shadow_blur_strength_tablet=&#8221;1px&#8221; ol_text_shadow_horizontal_length_tablet=&#8221;0px&#8221; ol_text_shadow_vertical_length_tablet=&#8221;0px&#8221; ol_text_shadow_blur_strength_tablet=&#8221;1px&#8221; quote_text_shadow_horizontal_length_tablet=&#8221;0px&#8221; quote_text_shadow_vertical_length_tablet=&#8221;0px&#8221; quote_text_shadow_blur_strength_tablet=&#8221;1px&#8221; header_text_shadow_horizontal_length_tablet=&#8221;0px&#8221; header_text_shadow_vertical_length_tablet=&#8221;0px&#8221; header_text_shadow_blur_strength_tablet=&#8221;1px&#8221; header_2_text_shadow_horizontal_length_tablet=&#8221;0px&#8221; header_2_text_shadow_vertical_length_tablet=&#8221;0px&#8221; header_2_text_shadow_blur_strength_tablet=&#8221;1px&#8221; header_3_text_shadow_horizontal_length_tablet=&#8221;0px&#8221; header_3_text_shadow_vertical_length_tablet=&#8221;0px&#8221; header_3_text_shadow_blur_strength_tablet=&#8221;1px&#8221; header_4_text_shadow_horizontal_length_tablet=&#8221;0px&#8221; header_4_text_shadow_vertical_length_tablet=&#8221;0px&#8221; header_4_text_shadow_blur_strength_tablet=&#8221;1px&#8221; header_5_text_shadow_horizontal_length_tablet=&#8221;0px&#8221; header_5_text_shadow_vertical_length_tablet=&#8221;0px&#8221; header_5_text_shadow_blur_strength_tablet=&#8221;1px&#8221; header_6_text_shadow_horizontal_length_tablet=&#8221;0px&#8221; header_6_text_shadow_vertical_length_tablet=&#8221;0px&#8221; header_6_text_shadow_blur_strength_tablet=&#8221;1px&#8221; box_shadow_horizontal_tablet=&#8221;0px&#8221; box_shadow_vertical_tablet=&#8221;0px&#8221; box_shadow_blur_tablet=&#8221;40px&#8221; box_shadow_spread_tablet=&#8221;0px&#8221; use_border_color=&#8221;off&#8221; global_colors_info=&#8221;{}&#8221;]<\/p>\n<h2>CARNES FRESCAS A LA PLANCHA<\/h2>\n<h3>with seasonal side dishes and Canarian potatoes<\/h3>\n<p>SOLOMILLO DE TERNERA\u00a0 \u00a0<strong>35,00<\/strong><br \/>Tenderloin of beef with pepper cream sauce<\/p>\n<p>BISTEC DE TERNERA\u00a0 \u00a0<strong>31,00<\/strong><br \/>Entrecote with Salsa Piquilla<\/p>\n<p>COSTILLAR DE CORDERO<strong>\u00a0 \u00a033,00<\/strong><br \/>Loin of lamb with PX sauce<\/p>\n<p>PARRILLADA DE CARNE \u00a0 <strong>33,00<\/strong><br \/>Mixed grilled meat<\/p>\n<p>[\/et_pb_text][\/et_pb_column][et_pb_column type=&#8221;1_2&#8243; _builder_version=&#8221;4.16&#8243; custom_padding=&#8221;|||&#8221; global_colors_info=&#8221;{}&#8221; custom_padding__hover=&#8221;|||&#8221;][et_pb_text admin_label=&#8221;PAELLAS&#8221; _builder_version=&#8221;4.23&#8243; text_text_color=&#8221;#ffffff&#8221; header_text_color=&#8221;#ffffff&#8221; header_2_text_color=&#8221;#ffffff&#8221; background_color=&#8221;#632e0a&#8221; background_image=&#8221;https:\/\/andalucia-berlin.de\/wp-content\/uploads\/2019\/01\/WOOD2.jpg&#8221; background_layout=&#8221;dark&#8221; custom_margin=&#8221;0px||0px|&#8221; custom_padding=&#8221;30px|30px|30px|30px&#8221; z_index_tablet=&#8221;500&#8243; text_text_shadow_horizontal_length_tablet=&#8221;0px&#8221; text_text_shadow_vertical_length_tablet=&#8221;0px&#8221; text_text_shadow_blur_strength_tablet=&#8221;1px&#8221; link_text_shadow_horizontal_length_tablet=&#8221;0px&#8221; link_text_shadow_vertical_length_tablet=&#8221;0px&#8221; link_text_shadow_blur_strength_tablet=&#8221;1px&#8221; ul_text_shadow_horizontal_length_tablet=&#8221;0px&#8221; ul_text_shadow_vertical_length_tablet=&#8221;0px&#8221; ul_text_shadow_blur_strength_tablet=&#8221;1px&#8221; ol_text_shadow_horizontal_length_tablet=&#8221;0px&#8221; ol_text_shadow_vertical_length_tablet=&#8221;0px&#8221; ol_text_shadow_blur_strength_tablet=&#8221;1px&#8221; quote_text_shadow_horizontal_length_tablet=&#8221;0px&#8221; quote_text_shadow_vertical_length_tablet=&#8221;0px&#8221; quote_text_shadow_blur_strength_tablet=&#8221;1px&#8221; header_text_shadow_horizontal_length_tablet=&#8221;0px&#8221; header_text_shadow_vertical_length_tablet=&#8221;0px&#8221; header_text_shadow_blur_strength_tablet=&#8221;1px&#8221; header_2_text_shadow_horizontal_length_tablet=&#8221;0px&#8221; header_2_text_shadow_vertical_length_tablet=&#8221;0px&#8221; header_2_text_shadow_blur_strength_tablet=&#8221;1px&#8221; header_3_text_shadow_horizontal_length_tablet=&#8221;0px&#8221; header_3_text_shadow_vertical_length_tablet=&#8221;0px&#8221; header_3_text_shadow_blur_strength_tablet=&#8221;1px&#8221; header_4_text_shadow_horizontal_length_tablet=&#8221;0px&#8221; header_4_text_shadow_vertical_length_tablet=&#8221;0px&#8221; header_4_text_shadow_blur_strength_tablet=&#8221;1px&#8221; header_5_text_shadow_horizontal_length_tablet=&#8221;0px&#8221; header_5_text_shadow_vertical_length_tablet=&#8221;0px&#8221; header_5_text_shadow_blur_strength_tablet=&#8221;1px&#8221; header_6_text_shadow_horizontal_length_tablet=&#8221;0px&#8221; header_6_text_shadow_vertical_length_tablet=&#8221;0px&#8221; header_6_text_shadow_blur_strength_tablet=&#8221;1px&#8221; border_width_all=&#8221;8px&#8221; border_color_all=&#8221;#fff7de&#8221; border_style_all=&#8221;none&#8221; box_shadow_style=&#8221;preset3&#8243; use_border_color=&#8221;off&#8221; global_colors_info=&#8221;{}&#8221;]<\/p>\n<h1>PAELLAS<\/h1>\n<p>PAELLA VALENCIANA<br \/>Original Paella from Valencia with the best of land and sea for 2 people \u2013 per person<br \/><strong>19,90<\/strong><\/p>\n<p>[\/et_pb_text][et_pb_divider show_divider=&#8221;off&#8221; _builder_version=&#8221;4.16&#8243; global_colors_info=&#8221;{}&#8221;][\/et_pb_divider][et_pb_text admin_label=&#8221;Pescados y mariscos&#8221; _builder_version=&#8221;4.23&#8243; background_size=&#8221;initial&#8221; background_position=&#8221;top_left&#8221; background_repeat=&#8221;repeat&#8221; z_index_tablet=&#8221;500&#8243; text_text_shadow_horizontal_length_tablet=&#8221;0px&#8221; text_text_shadow_vertical_length_tablet=&#8221;0px&#8221; text_text_shadow_blur_strength_tablet=&#8221;1px&#8221; link_text_shadow_horizontal_length_tablet=&#8221;0px&#8221; link_text_shadow_vertical_length_tablet=&#8221;0px&#8221; link_text_shadow_blur_strength_tablet=&#8221;1px&#8221; ul_text_shadow_horizontal_length_tablet=&#8221;0px&#8221; ul_text_shadow_vertical_length_tablet=&#8221;0px&#8221; ul_text_shadow_blur_strength_tablet=&#8221;1px&#8221; ol_text_shadow_horizontal_length_tablet=&#8221;0px&#8221; ol_text_shadow_vertical_length_tablet=&#8221;0px&#8221; ol_text_shadow_blur_strength_tablet=&#8221;1px&#8221; quote_text_shadow_horizontal_length_tablet=&#8221;0px&#8221; quote_text_shadow_vertical_length_tablet=&#8221;0px&#8221; quote_text_shadow_blur_strength_tablet=&#8221;1px&#8221; header_text_shadow_horizontal_length_tablet=&#8221;0px&#8221; header_text_shadow_vertical_length_tablet=&#8221;0px&#8221; header_text_shadow_blur_strength_tablet=&#8221;1px&#8221; header_2_text_shadow_horizontal_length_tablet=&#8221;0px&#8221; header_2_text_shadow_vertical_length_tablet=&#8221;0px&#8221; header_2_text_shadow_blur_strength_tablet=&#8221;1px&#8221; header_3_text_shadow_horizontal_length_tablet=&#8221;0px&#8221; header_3_text_shadow_vertical_length_tablet=&#8221;0px&#8221; header_3_text_shadow_blur_strength_tablet=&#8221;1px&#8221; header_4_text_shadow_horizontal_length_tablet=&#8221;0px&#8221; header_4_text_shadow_vertical_length_tablet=&#8221;0px&#8221; header_4_text_shadow_blur_strength_tablet=&#8221;1px&#8221; header_5_text_shadow_horizontal_length_tablet=&#8221;0px&#8221; header_5_text_shadow_vertical_length_tablet=&#8221;0px&#8221; header_5_text_shadow_blur_strength_tablet=&#8221;1px&#8221; header_6_text_shadow_horizontal_length_tablet=&#8221;0px&#8221; header_6_text_shadow_vertical_length_tablet=&#8221;0px&#8221; header_6_text_shadow_blur_strength_tablet=&#8221;1px&#8221; box_shadow_horizontal_tablet=&#8221;0px&#8221; box_shadow_vertical_tablet=&#8221;0px&#8221; box_shadow_blur_tablet=&#8221;40px&#8221; box_shadow_spread_tablet=&#8221;0px&#8221; use_border_color=&#8221;off&#8221; global_colors_info=&#8221;{}&#8221;]<\/p>\n<h2>PESCADOS Y MARISCOS FRESCOS A LA PLANCHA<\/h2>\n<h3>Fresh grilled fish served with seasonal side dishes<\/h3>\n<p>SALM\u00d3N A LA PLANCHA<strong>\u00a0 \u00a030,00<\/strong><br \/>Grilled salmon with orange sauce<\/p>\n<p>PARRILLADA DE PESCADO \u00a0 <strong>33,00<\/strong><br \/>Mixed grilled fish plate<\/p>\n<p>PULPO AL GRILL \u00a0 <strong>33,00<\/strong><br \/>Grilled octopus<\/p>\n<p>[\/et_pb_text][et_pb_divider show_divider=&#8221;off&#8221; _builder_version=&#8221;4.16&#8243; height=&#8221;8px&#8221; custom_margin=&#8221;||0px|&#8221; custom_padding=&#8221;||0px|&#8221; global_colors_info=&#8221;{}&#8221;][\/et_pb_divider][et_pb_divider show_divider=&#8221;off&#8221; _builder_version=&#8221;4.16&#8243; height=&#8221;8px&#8221; custom_margin=&#8221;0px|||&#8221; custom_padding=&#8221;0px|||&#8221; global_colors_info=&#8221;{}&#8221;][\/et_pb_divider][et_pb_text admin_label=&#8221;POSTRES&#8221; _builder_version=&#8221;4.23&#8243; background_size=&#8221;initial&#8221; background_position=&#8221;top_left&#8221; background_repeat=&#8221;repeat&#8221; hover_enabled=&#8221;0&#8243; z_index_tablet=&#8221;500&#8243; text_text_shadow_horizontal_length_tablet=&#8221;0px&#8221; text_text_shadow_vertical_length_tablet=&#8221;0px&#8221; text_text_shadow_blur_strength_tablet=&#8221;1px&#8221; link_text_shadow_horizontal_length_tablet=&#8221;0px&#8221; link_text_shadow_vertical_length_tablet=&#8221;0px&#8221; link_text_shadow_blur_strength_tablet=&#8221;1px&#8221; ul_text_shadow_horizontal_length_tablet=&#8221;0px&#8221; ul_text_shadow_vertical_length_tablet=&#8221;0px&#8221; ul_text_shadow_blur_strength_tablet=&#8221;1px&#8221; ol_text_shadow_horizontal_length_tablet=&#8221;0px&#8221; ol_text_shadow_vertical_length_tablet=&#8221;0px&#8221; ol_text_shadow_blur_strength_tablet=&#8221;1px&#8221; quote_text_shadow_horizontal_length_tablet=&#8221;0px&#8221; quote_text_shadow_vertical_length_tablet=&#8221;0px&#8221; quote_text_shadow_blur_strength_tablet=&#8221;1px&#8221; header_text_shadow_horizontal_length_tablet=&#8221;0px&#8221; header_text_shadow_vertical_length_tablet=&#8221;0px&#8221; header_text_shadow_blur_strength_tablet=&#8221;1px&#8221; header_2_text_shadow_horizontal_length_tablet=&#8221;0px&#8221; header_2_text_shadow_vertical_length_tablet=&#8221;0px&#8221; header_2_text_shadow_blur_strength_tablet=&#8221;1px&#8221; header_3_text_shadow_horizontal_length_tablet=&#8221;0px&#8221; header_3_text_shadow_vertical_length_tablet=&#8221;0px&#8221; header_3_text_shadow_blur_strength_tablet=&#8221;1px&#8221; header_4_text_shadow_horizontal_length_tablet=&#8221;0px&#8221; header_4_text_shadow_vertical_length_tablet=&#8221;0px&#8221; header_4_text_shadow_blur_strength_tablet=&#8221;1px&#8221; header_5_text_shadow_horizontal_length_tablet=&#8221;0px&#8221; header_5_text_shadow_vertical_length_tablet=&#8221;0px&#8221; header_5_text_shadow_blur_strength_tablet=&#8221;1px&#8221; header_6_text_shadow_horizontal_length_tablet=&#8221;0px&#8221; header_6_text_shadow_vertical_length_tablet=&#8221;0px&#8221; header_6_text_shadow_blur_strength_tablet=&#8221;1px&#8221; box_shadow_horizontal_tablet=&#8221;0px&#8221; box_shadow_vertical_tablet=&#8221;0px&#8221; box_shadow_blur_tablet=&#8221;40px&#8221; box_shadow_spread_tablet=&#8221;0px&#8221; use_border_color=&#8221;off&#8221; global_colors_info=&#8221;{}&#8221; sticky_enabled=&#8221;0&#8243;]<\/p>\n<h3>\u00a0<\/h3>\n<h3>P\u00d3STRES \u2013 DESSERTS<\/h3>\n<p>CREMA CATALANA &#8211; Spanish \u201cCr\u00e8me br\u00fbl\u00e9e\u201d\u00a0 \u00a0<strong>7,80<\/strong><\/p>\n<p>FLAN DE HUEVO &#8211; Spanish \u201cCr\u00e8me Caramel\u201d\u00a0 \u00a0<strong>7,80<\/strong><\/p>\n<p>MANGO CHEESECAKE\u00a0 \u00a0<strong>8,90<\/strong><\/p>\n<p>MOUSSE DE CHOCOLATE\u00a0 \u00a0<strong>8,90<\/strong><\/p>\n<p>Helado NARANJA \/ orange\u00a0 \u00a0<strong>7,80<\/strong><\/p>\n<p>Helado LIM\u00d3N \/ lemon\u00a0 \u00a0<strong>7,80<\/strong><\/p>\n<p>[\/et_pb_text][\/et_pb_column][\/et_pb_row][\/et_pb_section][et_pb_section fb_built=&#8221;1&#8243; _builder_version=&#8221;4.16&#8243; custom_padding=&#8221;0|0px|0|0px|false|false&#8221; global_colors_info=&#8221;{}&#8221;][et_pb_row _builder_version=&#8221;4.16&#8243; background_size=&#8221;initial&#8221; background_position=&#8221;top_left&#8221; background_repeat=&#8221;repeat&#8221; custom_padding=&#8221;0|0px|0|0px|false|false&#8221; global_colors_info=&#8221;{}&#8221;][et_pb_column type=&#8221;4_4&#8243; _builder_version=&#8221;4.16&#8243; custom_padding=&#8221;|||&#8221; global_colors_info=&#8221;{}&#8221; custom_padding__hover=&#8221;|||&#8221;][et_pb_code _builder_version=&#8221;4.16&#8243; global_colors_info=&#8221;{}&#8221;]<!-- Global site tag (gtag.js) - Google AdWords: 837043081 --><!-- [et_pb_line_break_holder] --><script async src=\"https:\/\/www.googletagmanager.com\/gtag\/js?id=AW-837043081\"><\/script><!-- [et_pb_line_break_holder] --><script><!-- [et_pb_line_break_holder] -->  window.dataLayer = window.dataLayer || [];<!-- [et_pb_line_break_holder] -->  function gtag(){dataLayer.push(arguments);}<!-- [et_pb_line_break_holder] -->  gtag('js', new Date());<!-- [et_pb_line_break_holder] --><!-- [et_pb_line_break_holder] -->  gtag('config', 'AW-837043081');<!-- [et_pb_line_break_holder] --><\/script><!-- [et_pb_line_break_holder] --><!-- [et_pb_line_break_holder] --><!-- Global site tag (gtag.js) - Google AdWords: 834034383 --><!-- [et_pb_line_break_holder] --><script async src=\"https:\/\/www.googletagmanager.com\/gtag\/js?id=AW-834034383\"><\/script><!-- [et_pb_line_break_holder] --><script><!-- [et_pb_line_break_holder] -->  window.dataLayer = window.dataLayer || [];<!-- [et_pb_line_break_holder] -->  function gtag(){dataLayer.push(arguments);}<!-- [et_pb_line_break_holder] -->  gtag('js', new Date());<!-- [et_pb_line_break_holder] --><!-- [et_pb_line_break_holder] -->  gtag('config', 'AW-834034383');<!-- [et_pb_line_break_holder] --><\/script>[\/et_pb_code][\/et_pb_column][\/et_pb_row][\/et_pb_section]<\/p>\n","protected":false},"excerpt":{"rendered":"<p>ENSALADAS \u2013 SALADS ENSALADA CON GAMBAS \u00a0 15,90Mixed salad with grilled prawns, lemon, garlic ENSALADA CON POLLO \u00a0 15,50Mixed salad with grilled chicken breast ENSALADA ANDALUCIA \u00a0 15,50Mixed salad with caramelized goat cheese, walnuts, honey, apple ENSALADA CON SALMON\u00a0 \u00a015,50Mixed salad with grilled salmon filetCARNES FRESCAS A LA PLANCHA with seasonal side dishes and Canarian [&hellip;]<\/p>\n","protected":false},"author":1,"featured_media":48015,"parent":0,"menu_order":0,"comment_status":"open","ping_status":"open","template":"","meta":{"_et_pb_use_builder":"on","_et_pb_old_content":"[:de]Das Team vom AndaLucia freut sich \u00fcber Ihren Besuch.\r\n\r\n<span style=\"line-height: 1.714285714; font-size: 1rem;\">F\u00dcR BESONDERE ANL\u00c4SSE K\u00d6NNEN SIE AUCH GESCHENKGUTSCHEINE ERWERBEN<\/span>\r\n\r\n\u00a0\r\n\r\n\r\n\r\n<!-- Global site tag (gtag.js) - Google AdWords: 837043081 -->\r\n<script async src=\"https:\/\/www.googletagmanager.com\/gtag\/js?id=AW-837043081\"><\/script>\r\n<script>\r\n  window.dataLayer = window.dataLayer || [];\r\n  function gtag(){dataLayer.push(arguments);}\r\n  gtag('js', new Date());\r\n\r\n  gtag('config', 'AW-837043081');\r\n<\/script>\r\n\r\n<!-- Global site tag (gtag.js) - Google AdWords: 834034383 -->\r\n<script async src=\"https:\/\/www.googletagmanager.com\/gtag\/js?id=AW-834034383\"><\/script>\r\n<script>\r\n  window.dataLayer = window.dataLayer || [];\r\n  function gtag(){dataLayer.push(arguments);}\r\n  gtag('js', new Date());\r\n\r\n  gtag('config', 'AW-834034383');\r\n<\/script>\r\n[:en]The AndaLucia team is looking forward to you.\r\n\r\n<span style=\"line-height: 1.714285714; font-size: 1rem;\">FOR SPECIAL OCCASIONS GIFT VOUCHERS ARE AVAILABLE<\/span>\r\n\r\n\u00a0\r\n\r\n\r\n\r\n<!-- Global site tag (gtag.js) - Google AdWords: 837043081 -->\r\n<script async src=\"https:\/\/www.googletagmanager.com\/gtag\/js?id=AW-837043081\"><\/script>\r\n<script>\r\n  window.dataLayer = window.dataLayer || [];\r\n  function gtag(){dataLayer.push(arguments);}\r\n  gtag('js', new Date());\r\n\r\n  gtag('config', 'AW-837043081');\r\n<\/script>\r\n\r\n<!-- Global site tag (gtag.js) - Google AdWords: 834034383 -->\r\n<script async src=\"https:\/\/www.googletagmanager.com\/gtag\/js?id=AW-834034383\"><\/script>\r\n<script>\r\n  window.dataLayer = window.dataLayer || [];\r\n  function gtag(){dataLayer.push(arguments);}\r\n  gtag('js', new Date());\r\n\r\n  gtag('config', 'AW-834034383');\r\n<\/script>\r\n[:]","_et_gb_content_width":"","footnotes":""},"jetpack_sharing_enabled":true,"_links":{"self":[{"href":"https:\/\/andalucia-berlin.de\/en\/wp-json\/wp\/v2\/pages\/48106"}],"collection":[{"href":"https:\/\/andalucia-berlin.de\/en\/wp-json\/wp\/v2\/pages"}],"about":[{"href":"https:\/\/andalucia-berlin.de\/en\/wp-json\/wp\/v2\/types\/page"}],"author":[{"embeddable":true,"href":"https:\/\/andalucia-berlin.de\/en\/wp-json\/wp\/v2\/users\/1"}],"replies":[{"embeddable":true,"href":"https:\/\/andalucia-berlin.de\/en\/wp-json\/wp\/v2\/comments?post=48106"}],"version-history":[{"count":41,"href":"https:\/\/andalucia-berlin.de\/en\/wp-json\/wp\/v2\/pages\/48106\/revisions"}],"predecessor-version":[{"id":49913,"href":"https:\/\/andalucia-berlin.de\/en\/wp-json\/wp\/v2\/pages\/48106\/revisions\/49913"}],"wp:featuredmedia":[{"embeddable":true,"href":"https:\/\/andalucia-berlin.de\/en\/wp-json\/wp\/v2\/media\/48015"}],"wp:attachment":[{"href":"https:\/\/andalucia-berlin.de\/en\/wp-json\/wp\/v2\/media?parent=48106"}],"curies":[{"name":"wp","href":"https:\/\/api.w.org\/{rel}","templated":true}]}}