{"id":48160,"date":"2012-10-26T15:18:22","date_gmt":"2012-10-26T15:18:22","guid":{"rendered":"https:\/\/andalucia-berlin.de\/ueber-uns\/"},"modified":"2020-05-18T09:03:13","modified_gmt":"2020-05-18T09:03:13","slug":"about-us","status":"publish","type":"page","link":"https:\/\/andalucia-berlin.de\/en\/about-us\/","title":{"rendered":"About Us"},"content":{"rendered":"<p>[et_pb_section fb_built=&#8221;1&#8243; _builder_version=&#8221;4.4.0&#8243; background_repeat=&#8221;repeat&#8221; hover_enabled=&#8221;0&#8243;][et_pb_row _builder_version=&#8221;4.4.0&#8243; background_size=&#8221;initial&#8221; background_position=&#8221;top_left&#8221; background_repeat=&#8221;repeat&#8221; hover_enabled=&#8221;0&#8243;][et_pb_column type=&#8221;4_4&#8243; _builder_version=&#8221;3.25&#8243; custom_padding=&#8221;|||&#8221; custom_padding__hover=&#8221;|||&#8221;][et_pb_text admin_label=&#8221;H2&#8243; _builder_version=&#8221;4.4.0&#8243; header_2_font=&#8221;|||on|||||&#8221; header_2_text_align=&#8221;center&#8221; hover_enabled=&#8221;0&#8243;]<\/p>\n<h2>\u00dcBER UNS<\/h2>\n<p>[\/et_pb_text][et_pb_text _builder_version=&#8221;4.4.0&#8243; hover_enabled=&#8221;0&#8243;]360 Inside Rundgang \u2013 link \u00fcber Google Maps<\/p>\n<p>Das Team: Bilder\/ Videos von den wichtigsten Team-Mitgliedern, Veranstaltungen usw.<\/p>\n<p>&nbsp;<\/p>\n<p>&nbsp;<br \/>\n[\/et_pb_text][et_pb_code _builder_version=&#8221;4.4.0&#8243; hover_enabled=&#8221;0&#8243;]<!-- [et_pb_line_break_holder] --><!-- [et_pb_line_break_holder] --><!-- Global site tag (gtag.js) - Google AdWords: 837043081 --><!-- [et_pb_line_break_holder] --><script async src=\"https:\/\/www.googletagmanager.com\/gtag\/js?id=AW-837043081\"><\/script><!-- [et_pb_line_break_holder] --><script><!-- [et_pb_line_break_holder] -->  window.dataLayer = window.dataLayer || [];<!-- [et_pb_line_break_holder] -->  function gtag(){dataLayer.push(arguments);}<!-- [et_pb_line_break_holder] -->  gtag('js', new Date());<!-- [et_pb_line_break_holder] --><!-- [et_pb_line_break_holder] -->  gtag('config', 'AW-837043081');<!-- [et_pb_line_break_holder] --><\/script><!-- [et_pb_line_break_holder] --><!-- [et_pb_line_break_holder] --><!-- Global site tag (gtag.js) - Google AdWords: 834034383 --><!-- [et_pb_line_break_holder] --><script async src=\"https:\/\/www.googletagmanager.com\/gtag\/js?id=AW-834034383\"><\/script><!-- [et_pb_line_break_holder] --><script><!-- [et_pb_line_break_holder] -->  window.dataLayer = window.dataLayer || [];<!-- [et_pb_line_break_holder] -->  function gtag(){dataLayer.push(arguments);}<!-- [et_pb_line_break_holder] -->  gtag('js', new Date());<!-- [et_pb_line_break_holder] --><!-- [et_pb_line_break_holder] -->  gtag('config', 'AW-834034383');<!-- [et_pb_line_break_holder] --><\/script>[\/et_pb_code][\/et_pb_column][\/et_pb_row][\/et_pb_section]<\/p>\n","protected":false},"excerpt":{"rendered":"<p>\u00dcBER UNS 360 Inside Rundgang \u2013 link \u00fcber Google Maps Das Team: Bilder\/ Videos von den wichtigsten Team-Mitgliedern, Veranstaltungen usw. &nbsp; &nbsp;<\/p>\n","protected":false},"author":1,"featured_media":48015,"parent":0,"menu_order":0,"comment_status":"open","ping_status":"open","template":"","meta":{"_et_pb_use_builder":"on","_et_pb_old_content":"[:de]<h3>Seit 2008<\/h3>\r\nGenie\u00dfen Sie spanisches Flair in Kudamm-N\u00e4he. Im AndaLucia - Tapasbar & Restaurant erleben Sie original spanisches Essen! Probieren Sie die Vielfalt und Reichhaltigkeit der Spanischen K\u00fcche. Nur wenige Schritte vom Bahnhof Savignyplatz entfernt k\u00f6nnen Sie der Gro\u00dfstadt entfliehen und eintauchen in die kleine spanische Welt des AndaLucia.\r\n\r\nCaterings im Berliner Raum \u00fcbernehmen wir zus\u00e4tzlich auf Anfrage.\r\n<h3>Unser Koch<\/h3>\r\nViele unserer G\u00e4ste sch\u00e4tzen und lieben ihn und seine Kochk\u00fcnste: Sergio.\r\nNat\u00fcrlich ist er geb\u00fcrtiger Spanier. Das erkl\u00e4rt auch die authentische spanische K\u00fcche.\r\nEr und sein K\u00fcchen-Team kochen mit Hingabe und Leidenschaft.\r\n<h3>Unsere Speisen<\/h3>\r\nNeben einer Vielzahl von schmackhaften Hauptgerichten finden Sie bei uns auch eine riesige Auswahl an Tapas... und hervorragende spanische Weine, viele davon selbst importiert. Unser spanisch sprechendes Personal ber\u00e4t Sie gerne. Werfen sie doch schon mal einen Blick in unsere Speise- und Weinkarte.\r\nNat\u00fcrlich bieten wir Ihnen auch ein umfangreiches Sortiment an Cocktails, Longdrinks und Spirituosen. Sollte Ihr Lieblings-Cocktail wider Erwarten nicht enthalten sein, wenden Sie sich einfach an einen unserer Mitarbeiter: das Team des AndaLucia ber\u00e4t Sie gern.\r\n\r\n\r\n\r\n\r\n<!-- Global site tag (gtag.js) - Google AdWords: 837043081 -->\r\n<script async src=\"https:\/\/www.googletagmanager.com\/gtag\/js?id=AW-837043081\"><\/script>\r\n<script>\r\n  window.dataLayer = window.dataLayer || [];\r\n  function gtag(){dataLayer.push(arguments);}\r\n  gtag('js', new Date());\r\n\r\n  gtag('config', 'AW-837043081');\r\n<\/script>\r\n\r\n<!-- Global site tag (gtag.js) - Google AdWords: 834034383 -->\r\n<script async src=\"https:\/\/www.googletagmanager.com\/gtag\/js?id=AW-834034383\"><\/script>\r\n<script>\r\n  window.dataLayer = window.dataLayer || [];\r\n  function gtag(){dataLayer.push(arguments);}\r\n  gtag('js', new Date());\r\n\r\n  gtag('config', 'AW-834034383');\r\n<\/script>\r\n[:en]<h3>Since 2008<\/h3>\r\nEnjoy Spanish flair close to Kudamm. At the AndaLucia - Tapasbar & Restaurant you can experience original Spanish meals! Try the variety and richness of the Spanish cooking. Only a few foot steps away from station Savignyplatz you can get away from it all and plunge into the cosy world of the AndaLucia.\r\n\r\nOn inquiry you also can get catering service in the region of Berlin.\r\n<h3>Our chef<\/h3>\r\nPlenty of our guests appreciate and love him and his cuisine: Sergio.\r\nAs a matter of course he is a native-born Spanish. That's the reason for his authentic cooking.\r\nHe and his team are cooking with dedication and passion.\r\n<h3>Our menu<\/h3>\r\nAdditional to a numerousness number of tasty main courses you will find a tremendous choice of tapas... and excellent Spanish wines, a lot of them self imported. Our native speaking team would be glad to give you advise. Please take a look at our menus.\r\n\r\nOf course we are offering a wide range of cocktails, longdrinks and other spirits. If unfortunately your favorite cocktail isn't included please ask our AndaLucia team: they are glad to take care of your request.\r\n\r\n\r\n\r\n\r\n<!-- Global site tag (gtag.js) - Google AdWords: 837043081 -->\r\n<script async src=\"https:\/\/www.googletagmanager.com\/gtag\/js?id=AW-837043081\"><\/script>\r\n<script>\r\n  window.dataLayer = window.dataLayer || [];\r\n  function gtag(){dataLayer.push(arguments);}\r\n  gtag('js', new Date());\r\n\r\n  gtag('config', 'AW-837043081');\r\n<\/script>\r\n\r\n<!-- Global site tag (gtag.js) - Google AdWords: 834034383 -->\r\n<script async src=\"https:\/\/www.googletagmanager.com\/gtag\/js?id=AW-834034383\"><\/script>\r\n<script>\r\n  window.dataLayer = window.dataLayer || [];\r\n  function gtag(){dataLayer.push(arguments);}\r\n  gtag('js', new Date());\r\n\r\n  gtag('config', 'AW-834034383');\r\n<\/script>\r\n[:]","_et_gb_content_width":"","footnotes":""},"jetpack_sharing_enabled":true,"_links":{"self":[{"href":"https:\/\/andalucia-berlin.de\/en\/wp-json\/wp\/v2\/pages\/48160"}],"collection":[{"href":"https:\/\/andalucia-berlin.de\/en\/wp-json\/wp\/v2\/pages"}],"about":[{"href":"https:\/\/andalucia-berlin.de\/en\/wp-json\/wp\/v2\/types\/page"}],"author":[{"embeddable":true,"href":"https:\/\/andalucia-berlin.de\/en\/wp-json\/wp\/v2\/users\/1"}],"replies":[{"embeddable":true,"href":"https:\/\/andalucia-berlin.de\/en\/wp-json\/wp\/v2\/comments?post=48160"}],"version-history":[{"count":2,"href":"https:\/\/andalucia-berlin.de\/en\/wp-json\/wp\/v2\/pages\/48160\/revisions"}],"predecessor-version":[{"id":49362,"href":"https:\/\/andalucia-berlin.de\/en\/wp-json\/wp\/v2\/pages\/48160\/revisions\/49362"}],"wp:featuredmedia":[{"embeddable":true,"href":"https:\/\/andalucia-berlin.de\/en\/wp-json\/wp\/v2\/media\/48015"}],"wp:attachment":[{"href":"https:\/\/andalucia-berlin.de\/en\/wp-json\/wp\/v2\/media?parent=48160"}],"curies":[{"name":"wp","href":"https:\/\/api.w.org\/{rel}","templated":true}]}}